{"id":24937,"date":"2025-01-29T00:24:45","date_gmt":"2025-01-28T23:24:45","guid":{"rendered":"https:\/\/eba.adwiseonlinemarketing.com\/pneumatik-produkte\/sperr-und-stromventile\/"},"modified":"2025-04-08T18:38:27","modified_gmt":"2025-04-08T17:38:27","slug":"lock-and-flow-valves","status":"publish","type":"page","link":"https:\/\/eba.adwiseonlinemarketing.com\/en\/pneumatic-products\/lock-and-flow-valves\/","title":{"rendered":"Lock and Flow Valves"},"content":{"rendered":"<p>[et_pb_section fb_built=&#8221;1&#8243; admin_label=&#8221;Header&#8221; _builder_version=&#8221;4.27.4&#8243; _module_preset=&#8221;default&#8221; background_color=&#8221;#005192&#8243; background_enable_image=&#8221;off&#8221; parallax=&#8221;on&#8221; custom_margin=&#8221;||30px||false|false&#8221; custom_padding=&#8221;3vw||3vw||true|false&#8221; border_radii=&#8221;off|||3vw|3vw&#8221; box_shadow_style=&#8221;preset1&#8243; locked=&#8221;off&#8221; collapsed=&#8221;on&#8221; global_colors_info=&#8221;{}&#8221;][et_pb_row _builder_version=&#8221;4.24.0&#8243; _module_preset=&#8221;default&#8221; max_width=&#8221;1800px&#8221; global_colors_info=&#8221;{}&#8221;][et_pb_column type=&#8221;4_4&#8243; _builder_version=&#8221;4.22.0&#8243; _module_preset=&#8221;default&#8221; global_colors_info=&#8221;{}&#8221;][et_pb_text _builder_version=&#8221;4.27.4&#8243; _dynamic_attributes=&#8221;content&#8221; _module_preset=&#8221;default&#8221; header_font=&#8221;|||on|||||&#8221; header_text_color=&#8221;#FFFFFF&#8221; header_font_size_tablet=&#8221;40px&#8221; header_font_size_phone=&#8221;22px&#8221; header_font_size_last_edited=&#8221;on|phone&#8221; global_colors_info=&#8221;{}&#8221;]@ET-DC@eyJkeW5hbWljIjp0cnVlLCJjb250ZW50IjoicG9zdF90aXRsZSIsInNldHRpbmdzIjp7ImJlZm9yZSI6IjxoMT4iLCJhZnRlciI6IjwvaDE+In19@[\/et_pb_text][et_pb_button button_url=&#8221;@ET-DC@eyJkeW5hbWljIjp0cnVlLCJjb250ZW50IjoicG9zdF9saW5rX3VybF9wYWdlIiwic2V0dGluZ3MiOnsicG9zdF9pZCI6IjE3NiJ9fQ==@&#8221; button_text=&#8221; Your request&#8221; _builder_version=&#8221;4.27.4&#8243; _dynamic_attributes=&#8221;button_url&#8221; _module_preset=&#8221;_initial&#8221; background_layout=&#8221;dark&#8221; hover_enabled=&#8221;0&#8243; global_colors_info=&#8221;{}&#8221; sticky_enabled=&#8221;0&#8243;][\/et_pb_button][\/et_pb_column][\/et_pb_row][\/et_pb_section][et_pb_section fb_built=&#8221;1&#8243; _builder_version=&#8221;4.27.4&#8243; _module_preset=&#8221;default&#8221; custom_padding=&#8221;40px||0px|||&#8221; locked=&#8221;off&#8221; global_colors_info=&#8221;{}&#8221;][et_pb_row column_structure=&#8221;1_2,1_2&#8243; make_equal=&#8221;on&#8221; _builder_version=&#8221;4.27.4&#8243; _module_preset=&#8221;default&#8221; max_width=&#8221;1800px&#8221; custom_padding=&#8221;||90px|||&#8221; border_width_bottom=&#8221;1px&#8221; border_color_bottom=&#8221;rgba(12,113,195,0.5)&#8221; global_colors_info=&#8221;{}&#8221;][et_pb_column type=&#8221;1_2&#8243; _builder_version=&#8221;4.27.4&#8243; _dynamic_attributes=&#8221;background_image&#8221; _module_preset=&#8221;default&#8221; background_image=&#8221;@ET-DC@eyJkeW5hbWljIjp0cnVlLCJjb250ZW50IjoicG9zdF9mZWF0dXJlZF9pbWFnZSIsInNldHRpbmdzIjp7fX0=@&#8221; border_radii=&#8221;on|15px|15px|15px|15px&#8221; box_shadow_style=&#8221;preset1&#8243; global_colors_info=&#8221;{}&#8221;][et_pb_image src=&#8221;@ET-DC@eyJkeW5hbWljIjp0cnVlLCJjb250ZW50IjoicG9zdF9mZWF0dXJlZF9pbWFnZSIsInNldHRpbmdzIjp7fX0=@&#8221; title_text=&#8221;eba_pneumatic_kunststoffspiralen_ico&#8221; align=&#8221;center&#8221; disabled_on=&#8221;off|off|on&#8221; _builder_version=&#8221;4.27.4&#8243; _dynamic_attributes=&#8221;src&#8221; _module_preset=&#8221;default&#8221; global_colors_info=&#8221;{}&#8221;][\/et_pb_image][\/et_pb_column][et_pb_column type=&#8221;1_2&#8243; _builder_version=&#8221;4.27.4&#8243; _module_preset=&#8221;default&#8221; global_colors_info=&#8221;{}&#8221;][et_pb_text _builder_version=&#8221;4.27.4&#8243; _module_preset=&#8221;default&#8221; text_font_size=&#8221;18px&#8221; text_line_height=&#8221;1.8em&#8221; custom_padding=&#8221;60px||60px||true|false&#8221; custom_padding_tablet=&#8221;20px||20px||true|false&#8221; custom_padding_phone=&#8221;20px||20px||true|false&#8221; custom_padding_last_edited=&#8221;on|phone&#8221; hover_enabled=&#8221;0&#8243; global_colors_info=&#8221;{}&#8221; sticky_enabled=&#8221;0&#8243;]<\/p>\n<p><strong><span class=\"Blau\" id=\"u81593\">eba pneumatic throttle valves and flow control valves<\/span><\/strong><span>\u00a0for secure and precise regulation of flow rates.<\/span><\/p>\n<div id=\"gtx-trans\" style=\"position: absolute; left: -2px; top: -10px;\">\n<div class=\"gtx-trans-icon\"><\/div>\n<\/div>\n<p>[\/et_pb_text][\/et_pb_column][\/et_pb_row][\/et_pb_section][et_pb_section fb_built=&#8221;1&#8243; _builder_version=&#8221;4.27.4&#8243; _module_preset=&#8221;default&#8221; custom_padding=&#8221;||35px|||&#8221; global_colors_info=&#8221;{}&#8221;][et_pb_row column_structure=&#8221;1_3,1_3,1_3&#8243; make_equal=&#8221;on&#8221; _builder_version=&#8221;4.27.4&#8243; _module_preset=&#8221;default&#8221; max_width=&#8221;1800px&#8221; custom_margin=&#8221;||50px||false|false&#8221; custom_margin_tablet=&#8221;||0px||false|false&#8221; custom_margin_phone=&#8221;||0px||false|false&#8221; custom_margin_last_edited=&#8221;on|tablet&#8221; hover_enabled=&#8221;0&#8243; locked=&#8221;off&#8221; global_colors_info=&#8221;{}&#8221; sticky_enabled=&#8221;0&#8243;][et_pb_column type=&#8221;1_3&#8243; _builder_version=&#8221;4.27.4&#8243; _module_preset=&#8221;default&#8221; use_background_color_gradient=&#8221;on&#8221; background_color_gradient_stops=&#8221;#ffffff 50%|#dbe6ff 95%&#8221; border_radii=&#8221;on|20px|20px|20px|20px&#8221; box_shadow_style=&#8221;preset3&#8243; global_colors_info=&#8221;{}&#8221; filter_saturate=&#8221;50%&#8221; filter_saturate__hover=&#8221;100%&#8221; filter_saturate__hover_enabled=&#8221;on|hover&#8221; transform_styles__hover_enabled=&#8221;on|hover&#8221; transform_scale__hover=&#8221;105%|105%&#8221; transform_scale__hover_enabled=&#8221;on|desktop&#8221; transform_translate__hover_enabled=&#8221;on|hover&#8221; transform_rotate__hover_enabled=&#8221;on|desktop&#8221; transform_skew__hover_enabled=&#8221;on|desktop&#8221; transform_origin__hover_enabled=&#8221;on|desktop&#8221;][et_pb_blurb title=&#8221;hohl- schrauben- ventile&#8221; image=&#8221;https:\/\/eba.adwiseonlinemarketing.com\/wp-content\/uploads\/2025\/01\/eba_pneumatic_hohlschraubenventile_ico.jpg&#8221; _builder_version=&#8221;4.27.4&#8243; _module_preset=&#8221;default&#8221; header_font=&#8221;|||on|||||&#8221; header_text_color=&#8221;#005192&#8243; body_font_size=&#8221;16px&#8221; body_ul_line_height=&#8221;2em&#8221; custom_padding=&#8221;|40px||40px|false|true&#8221; border_radii=&#8221;on|20px|20px|20px|20px&#8221; global_colors_info=&#8221;{}&#8221;]<\/p>\n<ul class=\"list0 nls-None\" id=\"u147590-11\">\n<li class=\"p-Body-Copy-small\">K\u00f6nnen direkt auf Zylinder oder Ventile montiert werden<\/li>\n<li class=\"p-Body-Copy-small\">Sind um 360\u00b0 einstellbar<\/li>\n<li class=\"p-Body-Copy-small\">Gr\u00f6\u00dfen von M5 bis G\u00bd\u201c<\/li>\n<li class=\"p-Body-Copy-small\">Ausf\u00fchrung als Drosselventil oder Drosselr\u00fcckschlagventile<\/li>\n<li class=\"p-Body-Copy-small\">Einstellbar \u00fcber Schlitzschraube, Schlitzschraube mit Kontermutter oder R\u00e4ndelkappe mit Kontermutter<\/li>\n<\/ul>\n<div id=\"gtx-trans\" style=\"position: absolute; left: 460px; top: 62px;\">\n<div class=\"gtx-trans-icon\"><\/div>\n<\/div>\n<p>[\/et_pb_blurb][\/et_pb_column][et_pb_column type=&#8221;1_3&#8243; _builder_version=&#8221;4.27.4&#8243; _module_preset=&#8221;default&#8221; use_background_color_gradient=&#8221;on&#8221; background_color_gradient_stops=&#8221;#ffffff 50%|#dbe6ff 95%&#8221; border_radii=&#8221;on|20px|20px|20px|20px&#8221; box_shadow_style=&#8221;preset3&#8243; global_colors_info=&#8221;{}&#8221; filter_saturate=&#8221;50%&#8221; filter_saturate__hover=&#8221;100%&#8221; filter_saturate__hover_enabled=&#8221;on|hover&#8221; transform_styles__hover_enabled=&#8221;on|hover&#8221; transform_scale__hover=&#8221;105%|105%&#8221; transform_scale__hover_enabled=&#8221;on|desktop&#8221; transform_translate__hover_enabled=&#8221;on|hover&#8221; transform_rotate__hover_enabled=&#8221;on|desktop&#8221; transform_skew__hover_enabled=&#8221;on|desktop&#8221; transform_origin__hover_enabled=&#8221;on|desktop&#8221;][et_pb_blurb title=&#8221;block- ventile&#8221; image=&#8221;https:\/\/eba.adwiseonlinemarketing.com\/wp-content\/uploads\/2025\/01\/eba_pneumatic_blockventile_ico.jpg&#8221; _builder_version=&#8221;4.27.4&#8243; _module_preset=&#8221;default&#8221; header_font=&#8221;|||on|||||&#8221; header_text_color=&#8221;#005192&#8243; body_font_size=&#8221;16px&#8221; body_ul_line_height=&#8221;2em&#8221; custom_padding=&#8221;|40px||40px|false|true&#8221; border_radii=&#8221;on|20px|20px|20px|20px&#8221; global_colors_info=&#8221;{}&#8221;]<\/p>\n<ul class=\"list0 nls-None\" id=\"u140682-3\">\n<li>Ausf\u00fchrung als Drosselventil oder Drosselr\u00fcckschlagventil<\/li>\n<li>Geignet als Schlauch-Leitungssystem oder f\u00fcr den Schalttafelbau<\/li>\n<li>Kann in jeder Einbauanlage verwendet werden<\/li>\n<li>Besonders stabil durch Aluminiumgeh\u00e4use<\/li>\n<\/ul>\n<p>[\/et_pb_blurb][\/et_pb_column][et_pb_column type=&#8221;1_3&#8243; _builder_version=&#8221;4.27.4&#8243; _module_preset=&#8221;default&#8221; global_colors_info=&#8221;{}&#8221;][\/et_pb_column][\/et_pb_row][\/et_pb_section][et_pb_section fb_built=&#8221;1&#8243; specialty=&#8221;on&#8221; _builder_version=&#8221;4.27.4&#8243; _module_preset=&#8221;default&#8221; background_color=&#8221;#f0eae9&#8243; inner_max_width=&#8221;1800px&#8221; custom_padding=&#8221;35px|||||&#8221; saved_tabs=&#8221;all&#8221; global_colors_info=&#8221;{}&#8221; global_module=&#8221;24996&#8243; theme_builder_area=&#8221;post_content&#8221;][et_pb_column type=&#8221;1_2&#8243; specialty_columns=&#8221;2&#8243; _builder_version=&#8221;4.16&#8243; custom_padding=&#8221;|||&#8221; global_colors_info=&#8221;{}&#8221; custom_padding__hover=&#8221;|||&#8221; theme_builder_area=&#8221;post_content&#8221;][et_pb_row_inner custom_padding_last_edited=&#8221;on|tablet&#8221; module_class=&#8221;de-inline-buttons&#8221; _builder_version=&#8221;4.27.4&#8243; _module_preset=&#8221;default&#8221; max_width=&#8221;1800px&#8221; custom_padding=&#8221;60px||0px||false|false&#8221; custom_padding_tablet=&#8221;0px||||false|false&#8221; custom_padding_phone=&#8221;0px||||false|false&#8221; locked=&#8221;off&#8221; global_colors_info=&#8221;{}&#8221; theme_builder_area=&#8221;post_content&#8221;][et_pb_column_inner saved_specialty_column_type=&#8221;1_2&#8243; _builder_version=&#8221;4.27.4&#8243; _module_preset=&#8221;default&#8221; global_colors_info=&#8221;{}&#8221; theme_builder_area=&#8221;post_content&#8221;][et_pb_text _builder_version=&#8221;4.27.4&#8243; _module_preset=&#8221;default&#8221; text_font_size=&#8221;18px&#8221; custom_margin=&#8221;||27px|||&#8221; custom_margin_tablet=&#8221;||27px|||&#8221; custom_margin_phone=&#8221;||5px|0px|false|false&#8221; custom_margin_last_edited=&#8221;on|phone&#8221; text_orientation_phone=&#8221;left&#8221; text_orientation_last_edited=&#8221;off|desktop&#8221; custom_css_main_element=&#8221;display:inline-block!important;&#8221; global_colors_info=&#8221;{}&#8221; custom_css_main_element_last_edited=&#8221;on|phone&#8221; custom_css_main_element_phone=&#8221;width:100%!important;&#8221; custom_css_main_element_tablet=&#8221;display:inline-block!important;&#8221; theme_builder_area=&#8221;post_content&#8221;]Catalogue-Download EN[\/et_pb_text][et_pb_button button_url=&#8221;@ET-DC@eyJkeW5hbWljIjp0cnVlLCJjb250ZW50IjoicG9zdF9saW5rX3VybF9hdHRhY2htZW50Iiwic2V0dGluZ3MiOnsicG9zdF9pZCI6IjI0OTc0In19@&#8221; url_new_window=&#8221;on&#8221; button_text=&#8221;Download EN (PDF 18 MB)&#8221; _builder_version=&#8221;4.27.4&#8243; _dynamic_attributes=&#8221;button_url&#8221; _module_preset=&#8221;_initial&#8221; custom_button=&#8221;on&#8221; button_text_size=&#8221;18px&#8221; button_border_radius=&#8221;4px&#8221; custom_margin=&#8221;|15px||15px|false|true&#8221; custom_margin_tablet=&#8221;|15px||15px|false|true&#8221; custom_margin_phone=&#8221;|0px|40px|0px|false|true&#8221; custom_margin_last_edited=&#8221;on|phone&#8221; locked=&#8221;off&#8221; global_colors_info=&#8221;{}&#8221; theme_builder_area=&#8221;post_content&#8221;][\/et_pb_button][\/et_pb_column_inner][\/et_pb_row_inner][et_pb_row_inner _builder_version=&#8221;4.27.4&#8243; _module_preset=&#8221;default&#8221; max_width=&#8221;1800px&#8221; custom_padding=&#8221;0px||||false|false&#8221; locked=&#8221;off&#8221; global_colors_info=&#8221;{}&#8221; theme_builder_area=&#8221;post_content&#8221;][et_pb_column_inner saved_specialty_column_type=&#8221;1_2&#8243; _builder_version=&#8221;4.27.4&#8243; _module_preset=&#8221;default&#8221; global_colors_info=&#8221;{}&#8221; theme_builder_area=&#8221;post_content&#8221;][et_pb_text _builder_version=&#8221;4.27.4&#8243; _module_preset=&#8221;default&#8221; text_font_size=&#8221;18px&#8221; text_line_height=&#8221;1.5em&#8221; custom_margin=&#8221;||15px||false|false&#8221; global_colors_info=&#8221;{}&#8221; theme_builder_area=&#8221;post_content&#8221;]<\/p>\n<h4>Send a printed catalogue?<\/h4>\n<p>Contact us here and you will receive your printed catalogue version by post.[\/et_pb_text][et_pb_button button_url=&#8221;@ET-DC@eyJkeW5hbWljIjp0cnVlLCJjb250ZW50IjoicG9zdF9saW5rX3VybF9wYWdlIiwic2V0dGluZ3MiOnsicG9zdF9pZCI6IjE3NiJ9fQ==@&#8221; button_text=&#8221;Your request&#8230;&#8221; disabled_on=&#8221;on|on|on&#8221; _builder_version=&#8221;4.27.4&#8243; _dynamic_attributes=&#8221;button_url&#8221; _module_preset=&#8221;_initial&#8221; custom_button=&#8221;on&#8221; button_text_size=&#8221;18px&#8221; button_border_radius=&#8221;4px&#8221; disabled=&#8221;on&#8221; locked=&#8221;off&#8221; global_colors_info=&#8221;{}&#8221; theme_builder_area=&#8221;post_content&#8221;][\/et_pb_button][\/et_pb_column_inner][\/et_pb_row_inner][\/et_pb_column][et_pb_column type=&#8221;1_2&#8243; _builder_version=&#8221;4.16&#8243; custom_padding=&#8221;|||&#8221; global_colors_info=&#8221;{}&#8221; custom_padding__hover=&#8221;|||&#8221; theme_builder_area=&#8221;post_content&#8221;][et_pb_code _builder_version=&#8221;4.27.4&#8243; _module_preset=&#8221;default&#8221; background_color=&#8221;#FFFFFF&#8221; custom_padding=&#8221;||15px||false|false&#8221; border_radii=&#8221;on|15px|15px|15px|15px&#8221; box_shadow_style=&#8221;preset1&#8243; global_colors_info=&#8221;{}&#8221; theme_builder_area=&#8221;post_content&#8221;]<div id=\"piotnetforms\" class=\"piotnetforms piotnetforms-24998\" data-piotnetforms-shortcode-id=\"24998\"><form id=\"24998\" class=\"piotnetforms__form\" onsubmit=\"return false\"><div class=\"piotnet-section p2837434\">\t\t\t\t\t\t<div class=\"piotnet-section__container\"\n\t\t>\n\t\t<div class=\"piotnet-column p37497525\">\t\t\t\t\t\t<div class=\"piotnet-column__inner\"\n\t\t\t>\n\t\t\t\t\n\t\t<div class=\"p58936236 piotnetforms-fields-wrapper piotnetforms-labels-above\">\n\t\t\t<div class=\"piotnetforms-field-type-text piotnetforms-field-group piotnetforms-column  piotnetforms-field-group-Name piotnetforms-col-100 piotnetforms-field-required piotnetforms-mark-required\">\n\t\t\t\t<label for=\"form-field-Name\" class=\"piotnetforms-field-label\">Name:<\/label><div data-piotnetforms-required><\/div><div class=\"piotnetforms-field-container\"><input size=\"1\" class=\"piotnetforms-field piotnetforms-size-\" type=\"text\" name=\"form_fields[Name]\" id=\"form-field-Name\" placeholder=\"Name\" autocomplete=\"on\" data-piotnetforms-default-value=\"\" required=\"required\" aria-required=\"true\" data-piotnetforms-id=\"24998\"><\/div>\t\t\t<\/div>\n\t\t<\/div>\n\t\t\t\n\t\t<div class=\"p19754949 piotnetforms-fields-wrapper piotnetforms-labels-above\">\n\t\t\t<div class=\"piotnetforms-field-type-email piotnetforms-field-group piotnetforms-column  piotnetforms-field-group-email piotnetforms-col-100 piotnetforms-field-required piotnetforms-mark-required\">\n\t\t\t\t<label for=\"form-field-email\" class=\"piotnetforms-field-label\">E-Mail:<\/label><div data-piotnetforms-required><\/div><div class=\"piotnetforms-field-container\"><input size=\"1\" class=\"piotnetforms-field piotnetforms-size-\" type=\"email\" name=\"form_fields[email]\" id=\"form-field-email\" placeholder=\"E -Mail Address\" autocomplete=\"on\" data-piotnetforms-default-value=\"\" required=\"required\" aria-required=\"true\" data-piotnetforms-id=\"24998\"><\/div>\t\t\t<\/div>\n\t\t<\/div>\n\t\t\t\n\t\t<div class=\"p46682022 piotnetforms-fields-wrapper piotnetforms-labels-above\">\n\t\t\t<div class=\"piotnetforms-field-type-acceptance piotnetforms-field-group piotnetforms-column  piotnetforms-field-group-acceptance piotnetforms-col-100\">\n\t\t\t\t<label style=\"display:none\" for=\"form-field-acceptance\" class=\"piotnetforms-field-label\">Acceptance<\/label><div data-piotnetforms-required><\/div><div class=\"piotnetforms-field-container\"><div class=\"piotnetforms-field-subgroup piotnetforms-field-subgroup--native \"><span class=\"piotnetforms-field-option\"><input class=\"piotnetforms-field piotnetforms-size- piotnetforms-acceptance-field\" type=\"checkbox\" name=\"form_fields[acceptance]\" id=\"form-field-acceptance\" placeholder=\"Ihre Anfrage\" autocomplete=\"on\" data-piotnetforms-default-value=\"\" data-piotnetforms-id=\"24998\" value=\"yes\"> <label for=\"form-field-acceptance\">I agree that my information from the contact form will be collected and processed to answer my inquiry. The data will be deleted after your inquiry has been processed. **<\/label><\/span><\/div><\/div>\t\t\t<\/div>\n\t\t<\/div>\n\t\n\t\t<div class=\"p86814928 piotnetforms-submit piotnetforms-button-wrapper\">\n\n\t\t\t\t<input type=\"hidden\" name=\"post_id\" value=\"24998\" data-piotnetforms-hidden-form-id=\"24998\"\/>\n\t\t<input type=\"hidden\" name=\"form_id\" value=\"p86814928\" data-piotnetforms-hidden-form-id=\"24998\"\/>\n\t\t<input type=\"hidden\" name=\"remote_ip\" value=\"216.73.216.9\" data-piotnetforms-hidden-form-id=\"24998\"\/>\n\n\t\t\n\t\t\n\t\t\n\t\t\n\t\t<button class=\"piotnetforms-button--justify piotnetforms-button\" type=\"submit\" role=\"button\" data-piotnetforms-required-text=\"This field is required.\" data-piotnetforms-submit-form-id=\"24998\" data-piotnetforms-submit-keyboard=\"false\" data-piotnetforms-submit-hide=\"false\">\n\t\t\t\t\t<span class=\"piotnetforms-button-content-wrapper\">\n\t\t\t<span class=\"piotnetforms-button-text piotnetforms-spinner\"><span class=\"icon-spinner-of-dots\"><\/span><\/span>\n\t\t\t\t\t\t<span class=\"piotnetforms-button-text\">Send<\/span>\n\t\t<\/span>\n\t\t\t\t<\/button>\n\t\t\n\t\t        \t\t        \t\t\n\t\t\n\t\t\n        \n            \t\t<div id=\"piotnetforms-trigger-success-24998\" data-piotnetforms-trigger-success=\"24998\" style=\"display: none\"><\/div>\n\t\t<div id=\"piotnetforms-trigger-failed-24998\" data-piotnetforms-trigger-failed=\"24998\" style=\"display: none\"><\/div>\n\t\t<div class=\"piotnetforms-alert piotnetforms-alert--mail\">\n\t\t\t<div class=\"piotnetforms-message piotnetforms-message-success\" role=\"alert\" data-piotnetforms-message=\"The form was sent successfully.\">The form was sent successfully.<\/div>\n\t\t\t<div class=\"piotnetforms-message piotnetforms-message-danger\" role=\"alert\" data-piotnetforms-message=\"An error occured.\">An error occured.<\/div>\n\t\t\t<!-- <div class=\"piotnetforms-message piotnetforms-help-inline\" role=\"alert\">Server error. Form not sent.<\/div> -->\n\t\t<\/div>\n\t\t\t\t<\/div>\n\t\t<p class=\"p14559877\">**Note: You can revoke your consent at any time in the future by sending an email to vertrieb@eba-pneumatic.de. Detailed information on how we handle user data can be found in our privacy policy.<\/p>\t\t\t<\/div>\n\t\t<\/div>\t\t\t<\/div>\n\t\t<\/div><div class=\"piotnet-section p79106215\">\t\t\t\t\t\t<div class=\"piotnet-section__container\"\n\t\t>\n\t\t<div class=\"piotnet-column p87041208\">\t\t\t\t\t\t<div class=\"piotnet-column__inner\"\n\t\t\t>\n\t\t\t\t\t<\/div>\n\t\t<\/div>\t\t\t<\/div>\n\t\t<\/div><link rel=\"stylesheet\" href=\"https:\/\/eba.adwiseonlinemarketing.com\/wp-content\/uploads\/piotnetforms\/css\/24998.css?ver=2\" media=\"all\"><\/form><\/div><div data-piotnetforms-ajax-url=\"https:\/\/eba.adwiseonlinemarketing.com\/wp-admin\/admin-ajax.php\"><\/div><div data-piotnetforms-plugin-url=\"https:\/\/eba.adwiseonlinemarketing.com\/wp-content\/plugins\"><\/div><div data-piotnetforms-tinymce-upload=\"https:\/\/eba.adwiseonlinemarketing.com\/wp-content\/plugins\/piotnetforms-pro\/inc\/forms\/tinymce\/tinymce-upload.php\"><\/div><div data-piotnetforms-stripe-key=\"\"><\/div><div class=\"piotnetforms-break-point\" data-piotnetforms-break-point-md=\"1025\" data-piotnetforms-break-point-lg=\"767\"><\/div>\t\t\t[\/et_pb_code][\/et_pb_column][\/et_pb_section]<\/p>\n","protected":false},"excerpt":{"rendered":"<p>eba pneumatic throttle valves and flow control valves\u00a0for secure and precise regulation of flow rates. K\u00f6nnen direkt auf Zylinder oder Ventile montiert werden Sind um 360\u00b0 einstellbar Gr\u00f6\u00dfen von M5 bis G\u00bd\u201c Ausf\u00fchrung als Drosselventil oder Drosselr\u00fcckschlagventile Einstellbar \u00fcber Schlitzschraube, Schlitzschraube mit Kontermutter oder R\u00e4ndelkappe mit Kontermutter Ausf\u00fchrung als Drosselventil oder Drosselr\u00fcckschlagventil Geignet als Schlauch-Leitungssystem [&hellip;]<\/p>\n","protected":false},"author":2,"featured_media":24483,"parent":24932,"menu_order":0,"comment_status":"closed","ping_status":"closed","template":"","meta":{"_et_pb_use_builder":"on","_et_pb_old_content":"","_et_gb_content_width":"","footnotes":""},"class_list":["post-24937","page","type-page","status-publish","has-post-thumbnail","hentry"],"_links":{"self":[{"href":"https:\/\/eba.adwiseonlinemarketing.com\/en\/wp-json\/wp\/v2\/pages\/24937","targetHints":{"allow":["GET"]}}],"collection":[{"href":"https:\/\/eba.adwiseonlinemarketing.com\/en\/wp-json\/wp\/v2\/pages"}],"about":[{"href":"https:\/\/eba.adwiseonlinemarketing.com\/en\/wp-json\/wp\/v2\/types\/page"}],"author":[{"embeddable":true,"href":"https:\/\/eba.adwiseonlinemarketing.com\/en\/wp-json\/wp\/v2\/users\/2"}],"replies":[{"embeddable":true,"href":"https:\/\/eba.adwiseonlinemarketing.com\/en\/wp-json\/wp\/v2\/comments?post=24937"}],"version-history":[{"count":4,"href":"https:\/\/eba.adwiseonlinemarketing.com\/en\/wp-json\/wp\/v2\/pages\/24937\/revisions"}],"predecessor-version":[{"id":25010,"href":"https:\/\/eba.adwiseonlinemarketing.com\/en\/wp-json\/wp\/v2\/pages\/24937\/revisions\/25010"}],"up":[{"embeddable":true,"href":"https:\/\/eba.adwiseonlinemarketing.com\/en\/wp-json\/wp\/v2\/pages\/24932"}],"wp:featuredmedia":[{"embeddable":true,"href":"https:\/\/eba.adwiseonlinemarketing.com\/en\/wp-json\/wp\/v2\/media\/24483"}],"wp:attachment":[{"href":"https:\/\/eba.adwiseonlinemarketing.com\/en\/wp-json\/wp\/v2\/media?parent=24937"}],"curies":[{"name":"wp","href":"https:\/\/api.w.org\/{rel}","templated":true}]}}